{"id":46922,"date":"2024-04-14T15:10:03","date_gmt":"2024-04-14T11:40:03","guid":{"rendered":"https:\/\/dn-24.com\/product\/%da%86%d8%a7%d9%be-%d8%af%db%8c%d8%ac%db%8c%d8%aa%d8%a7%d9%84-%d9%be%d8%a7%d8%b1%da%86%d9%87\/"},"modified":"2024-07-20T14:56:08","modified_gmt":"2024-07-20T11:26:08","slug":"digital-fabric-printing","status":"publish","type":"product","link":"https:\/\/dn-24.com\/en\/product\/digital-fabric-printing\/","title":{"rendered":"Digital fabric printing"},"content":{"rendered":"<pre id=\"tw-target-text\" dir=\"ltr\" data-placeholder=\"Translation\" aria-label=\"Translated text\" data-ved=\"2ahUKEwistoe2r7WHAxUXfKQEHSRlDzgQ3ewLegQICRAU\"><strong><span lang=\"en\" style=\"font-family: arial, helvetica, sans-serif;\">Digital fabric printing (direct printing on fabric)<\/span><\/strong><\/pre>\n<div style=\"width: 640px;\" class=\"wp-video\"><video class=\"wp-video-shortcode\" id=\"video-46922-1\" width=\"640\" height=\"360\" preload=\"metadata\" controls=\"controls\"><source type=\"video\/mp4\" src=\"https:\/\/print.dn-24.com\/wp-content\/uploads\/2024\/02\/Digital-Printing-Fabric.mp4?_=1\" \/><a href=\"https:\/\/print.dn-24.com\/wp-content\/uploads\/2024\/02\/Digital-Printing-Fabric.mp4\">https:\/\/print.dn-24.com\/wp-content\/uploads\/2024\/02\/Digital-Printing-Fabric.mp4<\/a><\/video><\/div>\n<p><strong>Digital Fabric Printing: An Innovative Method with Numerous Benefits<\/strong><\/p>\n<p>Digital fabric printing is a relatively new method for transferring designs and colors onto various fabrics. Imagine printing your favorite photo with a home printer; digital fabric printing works similarly but on fabric.<\/p>\n<p><strong>Direct to Garment (DTG) Printing: A Modern and Efficient Method<\/strong><\/p>\n<p>In digital printing, the design is printed onto fabric using a large printer. This technology, which gained popularity in the 1990s, initially used thermal transfer paper (sublimation printing). However, today\u2019s advanced technology allows for direct printing on many types of fabric.<\/p>\n<p><strong>Digital Fabric Printing Machines<\/strong><\/p>\n<p>Digital fabric printing machines come in two types: direct and indirect.<\/p>\n<ul>\n<li><strong>Direct to Garment (DTG) Digital Fabric Printing Machines:<\/strong> These machines print the ink directly onto the fabric.<\/li>\n<li><strong>Indirect Digital Fabric Printing Machines:<\/strong> In this method, the design is first printed onto paper and then transferred to the fabric using a heat press.<\/li>\n<\/ul>\n<h2 style=\"direction: rtl; text-align: left;\"><strong>Reducing Waste with Digital Printing<\/strong><\/h2>\n<div id=\"attachment_16011\" style=\"width: 510px\" class=\"wp-caption aligncenter\"><a href=\"https:\/\/print.dn-24.com\/wp-content\/uploads\/2024\/02\/Spotty_Day_Fabric_Breeze_Mix_2_1024x1024.webp\"><img loading=\"lazy\" decoding=\"async\" aria-describedby=\"caption-attachment-16011\" class=\" wp-image-16011\" src=\"https:\/\/print.dn-24.com\/wp-content\/uploads\/2024\/02\/Spotty_Day_Fabric_Breeze_Mix_2_1024x1024.webp\" alt=\"\u0686\u0627\u067e \u062f\u06cc\u062c\u06cc\u062a\u0627\u0644 \u067e\u0627\u0631\u0686\u0647\" width=\"500\" height=\"500\" title=\"\"><\/a><p id=\"caption-attachment-16011\" class=\"wp-caption-text\"><span class=\"Y2IQFc\" lang=\"en\">Digital fabric printing<\/span><\/p><\/div>\n<p><strong>One of the significant advantages of digital printing is the dramatic reduction of waste compared to traditional methods.<\/strong><\/p>\n<p>In the past, printing houses had to print hundreds or thousands of meters of fabric at once to be cost-effective. This was because each color in a traditional design required a separate template. Consequently, any excess or unsold fabric turned into waste.<\/p>\n<p>However, with digital printing, it is possible to print as needed, even as little as one meter. This not only reduces fabric waste but also optimizes ink usage. There is no longer a need for mass production and storage; you can produce &#8220;what you sell, not sell what you produce!&#8221;<\/p>\n<p><strong>Protecting the Environment with Water-Based Inks:<\/strong><\/p>\n<p>Digital printing uses water-based inks that are environmentally friendly and contain no hazardous chemicals. While some traditional printing houses also use water-based inks, many others use plastic-based inks (Plastisol), which are hazardous waste and require safe disposal.<\/p>\n<p><strong>Unmatched Precision and Detail of Digital Printing:<\/strong><\/p>\n<p>Digital printers spray tiny droplets of ink with high accuracy onto the target area. This results in high clarity and sharpness of the print. Unlike traditional printing, where ink can spread and cause print defects, digital printing captures fine details with high accuracy and excellent color stability. This means that the fabric you print today will retain its quality and clarity months later.<\/p>\n<p>In fact, digital printing works like a large inkjet printer. Rolls of fabric pass under the print heads, and colors are precisely applied to the fibers.<\/p>\n<p>Because of all these advantages, we have chosen digital printing as our preferred method for fabric printing. We hope that by choosing this method, we can offer you high-quality and environmentally friendly products, ensuring your satisfaction.<\/p>\n<p>In digital fabric printing, the color is directly applied to the surface of the fabric using special printers, which are very costly and provide high-quality and precise prints. In this method, the color is applied to the fabric through the printer head, penetrating the fibers. Digital printing on fabric has no limitations in color or image, and the image is imprinted on the fabric with the best quality.<\/p>\n<p>Direct printing on fabric can be done in two ways: roll printing and sheet printing. One of the advantages of this type of printing is the lack of color limitations. Direct printing on fabric, which is essentially digital printing, is generally used for small quantities due to its high cost and low speed.<\/p>\n<p>Direct printing is done with a UV printing machine, which has high durability and preserves the fabric&#8217;s original texture. It offers high quality and longevity, with a maximum print width of 3.20 meters.<\/p>\n<p><strong>Advantages of Digital Printing:<\/strong><\/p>\n<ul>\n<li><strong>High Quality:<\/strong> Digital printing is done with high resolution and precision, with colors appearing vivid and natural on the fabric.<\/li>\n<li><strong>High Speed:<\/strong> Compared to traditional fabric printing methods, digital printing is much faster.<\/li>\n<li><strong>Design Variety:<\/strong> There are no limitations in design and color with digital printing; any design can be printed on fabric.<\/li>\n<li><strong>Cost-Effective:<\/strong> Digital printing is economical for small quantities.<\/li>\n<li><strong>Capability to Print on Various Fabrics:<\/strong> Digital printing can be done on a wide range of natural and synthetic fabrics.<\/li>\n<\/ul>\n<p><strong>Applications of Digital Printing:<\/strong><\/p>\n<ul>\n<li><strong>Clothing Printing:<\/strong> Digital printing is used for printing designs on t-shirts, shirts, pants, coats, and other garments.<\/li>\n<li><strong>Scarf and Shawl Printing:<\/strong> Digital printing is used for printing designs on scarves, shawls, and other textiles.<\/li>\n<li><strong>Curtain Printing:<\/strong> Digital printing is used for printing designs on curtains and other home decorations.<\/li>\n<li><strong>Bag Printing:<\/strong> Digital printing is used for printing designs on fabric tote bags.<\/li>\n<li><strong>Tablecloth Printing:<\/strong> Digital printing is used for printing designs on tablecloths and other textiles.<\/li>\n<\/ul>\n<p><strong>Fabrics Suitable for Digital Printing:<\/strong><\/p>\n<table style=\"border-collapse: collapse; width: 100%; height: 1153px;\">\n<tbody>\n<tr style=\"height: 385px;\">\n<td style=\"width: 50%; height: 385px;\">\n<p><div id=\"attachment_15996\" style=\"width: 411px\" class=\"wp-caption aligncenter\"><a href=\"https:\/\/print.dn-24.com\/wp-content\/uploads\/2024\/02\/Silk-800x667-1.jpg\"><img loading=\"lazy\" decoding=\"async\" aria-describedby=\"caption-attachment-15996\" class=\" wp-image-15996\" src=\"https:\/\/print.dn-24.com\/wp-content\/uploads\/2024\/02\/Silk-800x667-1.jpg\" alt=\"\u067e\u0627\u0631\u0686\u0647 \u0627\u0628\u0631\u06cc\u0634\u0645\" width=\"401\" height=\"334\" title=\"\"><\/a><p id=\"caption-attachment-15996\" class=\"wp-caption-text\"><span class=\"Y2IQFc\" lang=\"en\">Silk fabrics<\/span><\/p><\/div><\/td>\n<td style=\"width: 50%; height: 385px;\">\n<p><div id=\"attachment_16008\" style=\"width: 410px\" class=\"wp-caption aligncenter\"><a href=\"https:\/\/print.dn-24.com\/wp-content\/uploads\/2024\/02\/Pima-Cotton-800x667-1.jpg\"><img loading=\"lazy\" decoding=\"async\" aria-describedby=\"caption-attachment-16008\" class=\" wp-image-16008\" src=\"https:\/\/print.dn-24.com\/wp-content\/uploads\/2024\/02\/Pima-Cotton-800x667-1.jpg\" alt=\"\u067e\u0627\u0631\u0686\u0647 \u06a9\u062a\u0627\u0646\" width=\"400\" height=\"334\" title=\"\"><\/a><p id=\"caption-attachment-16008\" class=\"wp-caption-text\"><span class=\"Y2IQFc\" lang=\"en\">cotton<\/span><\/p><\/div><\/td>\n<\/tr>\n<tr style=\"height: 384px;\">\n<td style=\"width: 50%; height: 384px;\">\n<p><div id=\"attachment_16002\" style=\"width: 408px\" class=\"wp-caption aligncenter\"><a href=\"https:\/\/print.dn-24.com\/wp-content\/uploads\/2024\/02\/Wool-800x667-1.jpg\"><img loading=\"lazy\" decoding=\"async\" aria-describedby=\"caption-attachment-16002\" class=\" wp-image-16002\" src=\"https:\/\/print.dn-24.com\/wp-content\/uploads\/2024\/02\/Wool-800x667-1.jpg\" alt=\"\u067e\u0627\u0631\u0686\u0647 \u067e\u0634\u0645\" width=\"398\" height=\"332\" title=\"\"><\/a><p id=\"caption-attachment-16002\" class=\"wp-caption-text\"><span class=\"Y2IQFc\" lang=\"en\">wool fabric<\/span><\/p><\/div><\/td>\n<td style=\"width: 50%; height: 384px;\">\n<p><div id=\"attachment_16005\" style=\"width: 410px\" class=\"wp-caption aligncenter\"><a href=\"https:\/\/print.dn-24.com\/wp-content\/uploads\/2024\/02\/Polyester-800x667-1.jpg\"><img loading=\"lazy\" decoding=\"async\" aria-describedby=\"caption-attachment-16005\" class=\" wp-image-16005\" src=\"https:\/\/print.dn-24.com\/wp-content\/uploads\/2024\/02\/Polyester-800x667-1.jpg\" alt=\"\u067e\u0627\u0631\u0686\u0647 \u067e\u0644\u06cc \u0627\u0633\u062a\u0631\" width=\"400\" height=\"334\" title=\"\"><\/a><p id=\"caption-attachment-16005\" class=\"wp-caption-text\"><span class=\"Y2IQFc\" lang=\"en\">Polyester fabric<\/span><\/p><\/div><\/td>\n<\/tr>\n<tr style=\"height: 384px;\">\n<td style=\"width: 50%; height: 384px;\" colspan=\"2\">\n<p><div id=\"attachment_15999\" style=\"width: 410px\" class=\"wp-caption aligncenter\"><a href=\"https:\/\/print.dn-24.com\/wp-content\/uploads\/2024\/02\/Rayon-800x667-1.jpg\"><img loading=\"lazy\" decoding=\"async\" aria-describedby=\"caption-attachment-15999\" class=\" wp-image-15999\" src=\"https:\/\/print.dn-24.com\/wp-content\/uploads\/2024\/02\/Rayon-800x667-1.jpg\" alt=\"\u067e\u0627\u0631\u0686\u0647 \u0648\u06cc\u0633\u06a9\u0648\u0632\" width=\"400\" height=\"333\" title=\"\"><\/a><p id=\"caption-attachment-15999\" class=\"wp-caption-text\"><span class=\"Y2IQFc\" lang=\"en\">Viscose fabric<\/span><\/p><\/div><\/td>\n<\/tr>\n<\/tbody>\n<\/table>\n<p><strong>Linen Fabric:<\/strong> Due to its high breathability and durability, this fabric is suitable for printing clothes and bed linens.<\/p>\n<p><strong>Viscose Fabric:<\/strong> This fabric is ideal for printing clothes and scarves because of its softness and similarity to silk.<\/p>\n<p><strong>Wool Fabric:<\/strong> Due to its warmth and thickness, this fabric is suitable for printing winter clothing.<\/p>\n<p><strong>Silk Fabric:<\/strong> This fabric is perfect for printing formal wear and scarves because of its softness and beauty.<\/p>\n<p><strong>Polyester Fabric:<\/strong> Due to its affordability and high durability, this fabric is suitable for printing sportswear and promotional clothing.<\/p>\n<p>Digital printing is very costly due to the expensive printers, and it yields the best results on nylon, polyester, acrylic, synthetic fibers, satin, suede, and velvet fabrics.<\/p>\n<p><strong>Tips for Digital Printing:<\/strong><\/p>\n<ul>\n<li><strong>Choosing the Right Design:<\/strong> Select a design that matches the type of fabric and its intended use.<\/li>\n<li><strong>Selecting Print Quality:<\/strong> Choose the print quality according to your needs.<\/li>\n<li><strong>Choosing the Right Print Shop:<\/strong> Select a print shop that uses high-quality digital printers and premium inks.<\/li>\n<\/ul>\n<p style=\"direction: rtl; text-align: right;\">\n","protected":false},"excerpt":{"rendered":"<div id=\"tw-container\" class=\"\" data-cp=\"1\" data-ddp=\"true\" data-drd=\"1700\" data-drt=\"10000\" data-is-rde=\"false\" data-is-ver=\"false\" data-nnttsvi=\"1\" data-sletp=\"false\" data-sm=\"1\" data-ssbp=\"false\" data-sugg-time=\"500\" data-sugg-url=\"https:\/\/clients1.google.com\/complete\/search\" data-tcp=\"geluk met jou verjaarsdag,gelukkige verjaarsdag,awoda pa,\u1218\u120d\u12ab\u121d \u120d\u12f0\u1275,\u0639\u064a\u062f \u0645\u064a\u0644\u0627\u062f \u0633\u0639\u064a\u062f,\u099c\u09a8\u09cd\u09ae\u09a6\u09bf\u09a8\u09f0 \u0993\u09b2\u0997 \u099c\u09a8\u09be\u09b2\u09cb\u0981,aski mara phuqhawi,do\u011fum g\u00fcn\u00fcn m\u00fcbar\u0259k,ad g\u00fcn\u00fcn m\u00fcbar\u0259k,\u0437 \u0434\u043d\u0451\u043c \u043d\u0430\u0440\u0430\u0434\u0436\u044d\u043d\u043d\u044f,\u0447\u0435\u0441\u0442\u0438\u0442 \u0440\u043e\u0436\u0434\u0435\u043d \u0434\u0435\u043d,\u091c\u0928\u094d\u092e \u0926\u093f\u0928 \u0915\u0947 \u0936\u0941\u092d \u0915\u093e\u092e\u0928\u093e,sanb\u03b5 sanb\u03b5,\u09b6\u09c1\u09ad \u099c\u09a8\u09cd\u09ae\u09a6\u09bf\u09a8,sretan ro\u0111endan,per molts anys,feli\u00e7 aniversari,malipayong adlawng natawhan,\u06cc\u0627\u062f\u06cc \u0644\u06d5\u062f\u0627\u06cc\u06a9 \u0628\u0648\u0648\u0646\u062a \u067e\u06cc\u0631\u06c6\u0632 \u0628\u06ce\u062a,felice anniversariu,v\u0161echno nejlep\u0161\u00ed k narozenin\u00e1m,pen-blwydd hapus,penblwydd hapus,tillykke med f\u00f8dselsdagen,alles gute zum geburtstag,\u0938\u093e\u0932\u0917\u093f\u0930\u0939\u094d \u092e\u092c\u093e\u0930\u0915,\u0787\u07aa\u078a\u07a7\u0788\u07ac\u0783\u07a8 \u0787\u07aa\u078a\u07a6\u0782\u07b0\u078b\u07aa\u0788\u07a6\u0780\u07ac\u0787\u07b0,dzigbe z\u00e3 nyuie na w\u00f2,\u03c7\u03b1\u03c1\u03bf\u03cd\u03bc\u03b5\u03bd\u03b1 \u03b3\u03b5\u03bd\u03ad\u03b8\u03bb\u03b9\u03b1,happy birthday,feli\u0109an naski\u011dtagon,feliz cumplea\u00f1os,palju \u00f5nne s\u00fcnnip\u00e4evaks,zorionak,\u062a\u0648\u0644\u062f\u062a \u0645\u0628\u0627\u0631\u06a9,hyv\u00e4\u00e4 syntym\u00e4p\u00e4iv\u00e4\u00e4,joyeux anniversaire,lokkige jierdei,l\u00e1 breithe sona,l\u00e1 breithe shona duit,co-l\u00e0-breith math,feliz aniversario,vy'apav\u1ebd,\u091c\u0932\u094d\u092e\u0926\u093f\u0938\u093e\u091a\u0940 \u092a\u0930\u092c\u0940,\u0a9c\u0aa8\u0acd\u0aae\u0aa6\u0abf\u0ab5\u0ab8\u0aa8\u0ac0 \u0ab6\u0ac1\u0aad\u0ac7\u0a9a\u0acd\u0a9b\u0abe,\u0a9c\u0aa8\u0acd\u0aae\u0aa6\u0abf\u0ab5\u0ab8 \u0aa8\u0ac0 \u0ab6\u0ac1\u0aad\u0a95\u0abe\u0aae\u0aa8\u0abe,barka da ranar haihuwa,hau\u02bboli l\u0101 h\u0101nau,\u091c\u0928\u094d\u092e\u0926\u093f\u0928 \u0915\u0940 \u0936\u0941\u092d\u0915\u093e\u092e\u0928\u093e\u090f\u0902,\u091c\u0928\u094d\u092e\u0926\u093f\u0928 \u0915\u0940 \u0936\u0941\u092d\u0915\u093e\u092e\u0928\u093e\u090f\u0901,sretan ro\u0111endan,b\u00f2n f\u00e8t,boldog sz\u00fclet\u00e9snapot,\u056e\u0576\u0578\u0582\u0576\u0564\u0564 \u0577\u0576\u0578\u0580\u0570\u0561\u057e\u0578\u0580,selamat ulang tahun,ezi ncheta \u1ee5b\u1ecdch\u1ecb \u1ecdm\u1ee5m\u1ee5,ezi ncheta \u1ecdm\u1ee5m\u1ee5,naragsak a panagkasangay,til hamingju me\u00f0 afm\u00e6li\u00f0,buon compleanno,\u05d9\u05d5\u05dd \u05d4\u05d5\u05dc\u05d3\u05ea \u05e9\u05de\u05d7,\u8a95\u751f\u65e5\u304a\u3081\u3067\u3068\u3046,\u304a\u8a95\u751f\u65e5\u304a\u3081\u3067\u3068\u3046,sugeng ambal warsa,sugeng tanggap warsa,\u10d2\u10d8\u10da\u10dd\u10ea\u10d0\u10d5\u10d7 \u10d3\u10d0\u10d1\u10d0\u10d3\u10d4\u10d1\u10d8\u10e1 \u10d3\u10e6\u10d4\u10e1,\u10d2\u10d8\u10da\u10dd\u10ea\u10d0\u10d5 \u10d3\u10d0\u10d1\u10d0\u10d3\u10d4\u10d1\u10d8\u10e1 \u10d3\u10e6\u10d4\u10e1,\u0442\u0443\u0493\u0430\u043d \u043a\u04af\u043d \u049b\u04b1\u0442\u0442\u044b \u0431\u043e\u043b\u0441\u044b\u043d,\u0442\u0443\u044b\u043b\u0493\u0430\u043d \u043a\u04af\u043d\u0456\u04a3\u043c\u0435\u043d,\u179a\u17b8\u1780\u179a\u17b6\u1799\u1790\u17d2\u1784\u17c3\u1781\u17bd\u1794\u1780\u17c6\u178e\u17be\u178f,\u179a\u17b8\u1780\u179a\u17b6\u1799\u200b\u1790\u17d2\u1784\u17c3\u200b\u1780\u17c6\u178e\u17be\u178f,\u0cb9\u0cc1\u0c9f\u0ccd\u0c9f\u0cc1\u0cb9\u0cac\u0ccd\u0cac\u0ca6 \u0cb6\u0cc1\u0cad\u0cbe\u0cb6\u0caf\u0c97\u0cb3\u0cc1,\u0c9c\u0ca8\u0ccd\u0cae\u0ca6\u0cbf\u0ca8\u0ca6 \u0cb6\u0cc1\u0cad\u0cbe\u0cb6\u0caf\u0c97\u0cb3\u0cc1,\uc0dd\uc77c \ucd95\ud558\ud569\ub2c8\ub2e4,\uc0dd\uc77c \ucd95\ud558\ud574\uc694,api batde,rojb\u00fbna te p\u00eeroz be,\u0442\u0443\u0443\u043b\u0433\u0430\u043d \u043a\u04af\u043d\u04af\u04a3\u04af\u0437 \u043c\u0435\u043d\u0435\u043d,\u0442\u0443\u0443\u043b\u0433\u0430\u043d \u043a\u0443\u043d\u0443\u04a3\u0443\u0437 \u043c\u0435\u043d\u0435\u043d \u043a\u0443\u0442\u0442\u0443\u043a\u0442\u0430\u0439\u043c,felix natalis,alles guddes fir de gebuertsdag,amazaalibwa amalungi,mbotama elamu,\u0eaa\u0eb8\u0e81\u0eaa\u0eb1\u0e99\u0ea7\u0eb1\u0e99\u0ec0\u0e81\u0eb5\u0e94,\u0eaa\u0eb8\u0e81\u200b\u0eaa\u0eb1\u0e99\u200b\u0ea7\u0eb1\u0e99\u200b\u0ec0\u0e81\u0eb5\u0e94,su gimtadieniu,piancham chibai,daudz laimes dzim\u0161anas dien\u0101,\u091c\u0928\u094d\u092e\u0926\u093f\u0928\u0915 \u0936\u0941\u092d\u0915\u093e\u092e\u0928\u093e,tratry ny tsingerin-taona,tratry ny tsingerintaona nahaterahana,\u0441\u0440\u0435\u045c\u0435\u043d \u0440\u043e\u0434\u0435\u043d\u0434\u0435\u043d,\u0d1c\u0d28\u0d4d\u0d2e\u0d26\u0d3f\u0d28\u0d3e\u0d36\u0d02\u0d38\u0d15\u0d7e,\u0442\u04e9\u0440\u0441\u04e9\u043d \u04e9\u0434\u0440\u0438\u0439\u043d \u043c\u044d\u043d\u0434 \u0445\u04af\u0440\u0433\u044d\u0435,\u0442\u04e9\u0440\u0441\u04e9\u043d \u04e9\u0434\u0440\u0438\u0439\u043d \u043c\u044d\u043d\u0434,\uabc5\uabe8\uabe1\uabc9\uabe5\uabcf\uabd4\uabd5 \uabc4\uabe3\uabdb\uabc4 \uabc5\uabe8\uabc3\uabe4\uabe0,\u0935\u093e\u0922\u0926\u093f\u0935\u0938\u093e\u091a\u094d\u092f\u093e \u0936\u0941\u092d\u0947\u091a\u094d\u091b\u093e,\u0935\u093e\u0922\u0926\u093f\u0935\u0938\u093e\u091a\u094d\u092f\u093e \u0939\u093e\u0930\u094d\u0926\u093f\u0915 \u0936\u0941\u092d\u0947\u091a\u094d\u091b\u093e,selamat hari lahir,xewqat sbie\u0127 f'g\u0127eluq sninek,\u1015\u103b\u1031\u102c\u103a\u101b\u103d\u103e\u1004\u103a\u1016\u103d\u101a\u103a \u1019\u103d\u1031\u1038\u1014\u1031\u1037\u1016\u103c\u1005\u103a\u1015\u102b\u1005\u1031,\u1015\u103b\u1031\u102c\u103a\u101b\u103d\u103e\u1004\u103a\u1005\u101b\u102c\u1019\u103d\u1031\u1038\u1014\u1031\u1037\u1016\u103c\u1005\u103a\u1015\u102b\u1005\u1031,\u091c\u0928\u094d\u092e \u0926\u093f\u0928\u0915\u094b \u0936\u0941\u092d\u0915\u093e\u092e\u0928\u093e,gefeliciteerd met je verjaardag,gefeliciteerd,gratulerer med dagen,matswalo a mabotse,tsiku labwino lobadwa,baga guyyaa dhaloota kee geesse,\u0b1c\u0b28\u0b4d\u0b2e\u0b26\u0b3f\u0b28\u0b30 \u0b36\u0b41\u0b2d\u0b47\u0b1a\u0b4d\u0b1b\u0b3e,\u0b1c\u0b28\u0b4d\u0b2e\u0b26\u0b3f\u0b28\u0b30 \u0b05\u0b2d\u0b3f\u0b28\u0b28\u0b4d\u0b26\u0b28,\u0a1c\u0a28\u0a2e\u0a26\u0a3f\u0a28 \u0a26\u0a40\u0a06\u0a02 \u0a35\u0a27\u0a3e\u0a08\u0a06\u0a02,\u0a1c\u0a28\u0a2e\u0a26\u0a3f\u0a28 \u0a2e\u0a41\u0a2c\u0a3e\u0a30\u0a15,wszystkiego najlepszego z okazji urodzin,\u06a9\u0644\u06cc\u0632\u0647 \u062f\u06cc \u0646\u06cc\u06a9\u0645\u0631\u063a\u0647,feliz anivers\u00e1rio,punchawniykipi kusikuni,la mul\u021bi ani,\u0441 \u0434\u043d\u0435\u043c \u0440\u043e\u0436\u0434\u0435\u043d\u0438\u044f,isabukuru nziza,\u0936\u0941\u092d\u0902 \u091c\u0928\u094d\u092e\u0926\u093f\u0928\u092e\u094d\u200c,\u062c\u0646\u0645 \u068f\u064a\u0646\u0647\u0646 \u0645\u0628\u0627\u0631\u06aa,\u0dc3\u0dd4\u0db6 \u0d8b\u0db4\u0db1\u0dca \u0daf\u0dd2\u0db1\u0dba\u0d9a\u0dca,v\u0161etko najlep\u0161ie k narodenin\u00e1m,\u0161\u0165astn\u00e9 narodeniny,vse najbolj\u0161e,manuia asofanau,bhavhadhe rinofadza,maalin dhalasheed farxad leh,dhalasho wacan,g\u00ebzuar dit\u00eblindjen,\u0441\u0440\u0435\u045b\u0430\u043d \u0440\u043e\u0452\u0435\u043d\u0434\u0430\u043d,letsatsi le monate la tsoalo,wilujeung milangkala,wilujeung tepang taun,grattis p\u00e5 f\u00f6delsedagen,heri ya siku ya kuzaliwa,\u0baa\u0bbf\u0bb1\u0ba8\u0bcd\u0ba4\u0ba8\u0bbe\u0bb3\u0bcd \u0bb5\u0bbe\u0bb4\u0bcd\u0ba4\u0bcd\u0ba4\u0bc1\u0b95\u0bb3\u0bcd,\u0baa\u0bbf\u0bb1\u0ba8\u0bcd\u0ba4\u0ba8\u0bbe\u0bb3\u0bcd \u0bb5\u0bbe\u0bb4\u0bcd\u0ba4\u0bcd\u0ba4\u0bc1\u0b95\u0bcd\u0b95\u0bb3\u0bcd,\u0c2a\u0c41\u0c1f\u0c4d\u0c1f\u0c3f\u0c28\u0c30\u0c4b\u0c1c\u0c41 \u0c36\u0c41\u0c2d\u0c3e\u0c15\u0c3e\u0c02\u0c15\u0c4d\u0c37\u0c32\u0c41,\u0437\u043e\u0434\u0440\u04ef\u0437 \u043c\u0443\u0431\u043e\u0440\u0430\u043a,\u0e2a\u0e38\u0e02\u0e2a\u0e31\u0e19\u0e15\u0e4c\u0e27\u0e31\u0e19\u0e40\u0e01\u0e34\u0e14,\u12a5\u1295\u12b3\u12d5 \u1270\u12c8\u1208\u12f5\u12ab,doglan g\u00fcn\u00fc\u0148 bilen,maligayang kaarawan,do\u011fum g\u00fcn\u00fcn\u00fcz kutlu olsun,do\u011fum g\u00fcn\u00fcn kutlu olsun,siku lerinene ro velekiwa,\u0442\u0443\u0433\u0430\u043d \u043a\u04e9\u043d \u0431\u0435\u043b\u04d9\u043d,\u0437 \u0434\u043d\u0435\u043c \u043d\u0430\u0440\u043e\u0434\u0436\u0435\u043d\u043d\u044f,\u0633\u0627\u0644\u06af\u0631\u06c1 \u0645\u0628\u0627\u0631\u06a9,\u0633\u0627\u0644\u06af\u0631\u06c1 \u0645\u0628\u0627\u0631\u06a9 \u06c1\u0648,tug\u02bbilgan kuningiz bilan,tug'ilgan kun muborak bo'lsin,ch\u00fac m\u1eebng sinh nh\u1eadt,mini emnandi,nwabela usuku lwakho owaqala ngalo,o ku\u0301 a\u0300ya\u0301j\u1ecd\u0301 \u1ecdj\u1ecd\u0301 i\u0300bi\u0301,o ku ojo ibi,\u751f\u65e5\u5feb\u4e50,\u751f\u65e5\u5feb\u6a02,sikufisela usuku lokuzalwa oluhle,usuku olumnandi lokuzalwa\" data-uilc=\"en\" data-vil=\",af,af-ZA,am,am-ET,ar-EG,ar-AE,ar-KW,ar-QA,ar,ar-IL,ar-JO,ar-LB,ar-PS,az,az-AZ,bg,bg-BG,bn,bn-BD,bn-IN,ca,ca-es,cs,cs-CZ,de,de-DE,de-CH,de-AT,de-LI,en,en-US,en-CA,en-AU,en-NZ,en-GB,en-IN,en-KE,en-TZ,en-NG,en-GH,en-PH,en-ZA,es,es-ES,es-AR,es-UY,es-419,es-BO,es-CL,es-CR,es-CO,es-DO,es-EC,es-GT,es-HN,es-NI,es-PA,es-PE,es-PR,es-PY,es-SV,es-VE,es-MX,es-US,eu,eu-ES,fi,fi-FI,fr,fr-FR,fr-CH,fr-BE,gl,gl-ES,gu,gu-IN,he,he-IL,iw,iw-IL,hu,hu-HU,hy,hy-AM,id,id-ID,is,is-IS,it,it-IT,it-CH,ja,ja-JP,jv,jv-ID,ka,ka-GE,km,km-KH,kn,kn-IN,ko,ko-KR,la,lo,lo-LA,lv,lv-LV,ml,ml-IN,mr,mr-IN,ms,ms-MY,nl,nl-NL,nb,nb-NO,ne,ne-NP,pl,pl-PL,pt,pt-BR,pt-PT,ro,ro-RO,ru,ru-RU,si-LK,sk,sk-SK,sr,sr-RS,su,su-ID,sv,sv-SE,sw,sw-TZ,sw-KE,ta,ta-IN,ta-SG,ta-LK,ta-MY,te,te-IN,tr,tr-TR,ur,ur-PK,ur-IN,yue,yue-HK,yue-Hant-HK,zh-HK,zh,zh-CN,zh-cmn,zh-cmn-CN,zh-Hans,zh-Hans-CN,zh-cmn-Hans,zh-cmn-Hans-CN,cmn-CN,cmn-Hans,cmn-Hans-CN,zh-TW,zh-Hant-TW,cmn-TW,cmn-Hant-TW,zh-cmn-TW,zh-cmn-Hant-TW,zu,zu-ZA,hi,hi-IN,tl,tl-PH,pa,pa-IN\">\n<div id=\"tw-ob\" class=\"tw-src-rtl\">\n<div class=\"oSioSc\">\n<div id=\"tw-target\">\n<div id=\"kAz1tf\" class=\"g9WsWb PZPZlf\" data-attrid=\"tw-targetArea\" data-entityname=\"Google Translate\">\n<div id=\"tw-target-text-container\" tabindex=\"0\">\n<pre id=\"tw-target-text\" dir=\"ltr\" data-placeholder=\"Translation\" aria-label=\"Translated text\" data-ved=\"2ahUKEwistoe2r7WHAxUXfKQEHSRlDzgQ3ewLegQICRAU\"><span lang=\"en\" style=\"font-family: arial, helvetica, sans-serif;\">New World has more than 25 years of experience in providing printing services, including digital fabric printing (clothes printing, scarf and shawl printing, curtain printing, hand bag printing, desktop printing, etc.)<\/span><\/pre>\n<\/div>\n<div id=\"tw-target-rmn-container\" class=\"tw-target-rmn tw-ta-container F0azHf tw-nfl\">\n<pre id=\"tw-target-rmn\" class=\"tw-data-placeholder tw-text-small tw-ta\" dir=\"ltr\" data-placeholder=\"\"><\/pre>\n<\/div>\n<div class=\"iYB33c\">\n<div class=\"dlJLJe\">\n<div data-cviv=\"false\" data-ved=\"2ahUKEwistoe2r7WHAxUXfKQEHSRlDzgQz_AEegQICRAV\">\n<div class=\"U9URNb\"><\/div>\n<\/div>\n<\/div>\n<div id=\"tw-tmenu\" class=\"tw-menu\"><\/div>\n<\/div>\n<\/div>\n<\/div>\n<\/div>\n<\/div>\n<div id=\"tw-images\"><\/div>\n<div class=\"dURPtb\"><\/div>\n<div>\n<div><\/div>\n<\/div>\n<\/div>\n<div class=\"KFFQ0c xKf9F\"><\/div>\n","protected":false},"featured_media":46198,"comment_status":"open","ping_status":"closed","template":"","meta":[],"product_brand":[],"product_cat":[3152],"product_tag":[],"class_list":{"0":"post-46922","1":"product","2":"type-product","3":"status-publish","4":"has-post-thumbnail","6":"product_cat-5-8-print-on-fabric","8":"first","9":"instock","10":"shipping-taxable","11":"product-type-simple"},"_links":{"self":[{"href":"https:\/\/dn-24.com\/en\/wp-json\/wp\/v2\/product\/46922","targetHints":{"allow":["GET"]}}],"collection":[{"href":"https:\/\/dn-24.com\/en\/wp-json\/wp\/v2\/product"}],"about":[{"href":"https:\/\/dn-24.com\/en\/wp-json\/wp\/v2\/types\/product"}],"replies":[{"embeddable":true,"href":"https:\/\/dn-24.com\/en\/wp-json\/wp\/v2\/comments?post=46922"}],"version-history":[{"count":0,"href":"https:\/\/dn-24.com\/en\/wp-json\/wp\/v2\/product\/46922\/revisions"}],"wp:featuredmedia":[{"embeddable":true,"href":"https:\/\/dn-24.com\/en\/wp-json\/wp\/v2\/media\/46198"}],"wp:attachment":[{"href":"https:\/\/dn-24.com\/en\/wp-json\/wp\/v2\/media?parent=46922"}],"wp:term":[{"taxonomy":"product_brand","embeddable":true,"href":"https:\/\/dn-24.com\/en\/wp-json\/wp\/v2\/product_brand?post=46922"},{"taxonomy":"product_cat","embeddable":true,"href":"https:\/\/dn-24.com\/en\/wp-json\/wp\/v2\/product_cat?post=46922"},{"taxonomy":"product_tag","embeddable":true,"href":"https:\/\/dn-24.com\/en\/wp-json\/wp\/v2\/product_tag?post=46922"}],"curies":[{"name":"wp","href":"https:\/\/api.w.org\/{rel}","templated":true}]}}